{"id":17,"date":"2015-08-19T10:19:41","date_gmt":"2015-08-19T10:19:41","guid":{"rendered":"http:\/\/aestudisreusencs.centrelectura.cat\/info\/?page_id=17"},"modified":"2017-07-28T10:32:43","modified_gmt":"2017-07-28T08:32:43","slug":"contacte","status":"publish","type":"page","link":"https:\/\/aestudisreusencs.centrelectura.cat\/info\/contacte\/","title":{"rendered":"Contacte"},"content":{"rendered":"\n<style type=\"text\/css\" data-created_by=\"avia_inline_auto\" id=\"style-css-av-av_two_third-352b07ef7d3bc99b2e9f92e7a9e06bdb\">\n.flex_column.av-av_two_third-352b07ef7d3bc99b2e9f92e7a9e06bdb{\nborder-radius:0px 0px 0px 0px;\npadding:0px 0px 0px 0px;\n}\n<\/style>\n<div  class='flex_column av-av_two_third-352b07ef7d3bc99b2e9f92e7a9e06bdb av_two_third  avia-builder-el-0  el_before_av_one_third  avia-builder-el-first  first flex_column_div av-zero-column-padding  '     ><p>\n<style type=\"text\/css\" data-created_by=\"avia_inline_auto\" id=\"style-css-av-av_heading-450a474af473160cdcce3caf352d6233\">\n#top .av-special-heading.av-av_heading-450a474af473160cdcce3caf352d6233{\npadding-bottom:10px;\n}\nbody .av-special-heading.av-av_heading-450a474af473160cdcce3caf352d6233 .av-special-heading-tag .heading-char{\nfont-size:25px;\n}\n.av-special-heading.av-av_heading-450a474af473160cdcce3caf352d6233 .av-subheading{\nfont-size:15px;\n}\n<\/style>\n<div  class='av-special-heading av-av_heading-450a474af473160cdcce3caf352d6233 av-special-heading-h3  avia-builder-el-1  el_before_av_contact  avia-builder-el-first '><h3 class='av-special-heading-tag '  itemprop=\"headline\"  >Contacteu<\/h3><div class=\"special-heading-border\"><div class=\"special-heading-inner-border\"><\/div><\/div><\/div><br \/>\n<form action=\"https:\/\/aestudisreusencs.centrelectura.cat\/info\/contacte\/\" method=\"post\" data-fields-with-error=\"Found errors in the following field(s):\" class=\"avia_ajax_form av-form-labels-visible   avia-builder-el-2  el_after_av_heading  el_before_av_toggle_container   \" data-avia-form-id=\"1\" data-avia-redirect='' ><fieldset><p class='  first_form  form_element form_element_half' id='element_avia_1_1'><label for=\"avia_1_1\">Nom <abbr class=\"required\" title=\"obligatori\">*<\/abbr><\/label> <input name=\"avia_1_1\" class=\"text_input is_empty\" type=\"text\" id=\"avia_1_1\" value=\"\" \/><\/p><p class='  form_element form_element_half' id='element_avia_2_1'><label for=\"avia_2_1\">Tel\u00e8fon<\/label> <input name=\"avia_2_1\" class=\"text_input \" type=\"text\" id=\"avia_2_1\" value=\"\" \/><\/p><p class='  first_form  form_element form_element_half' id='element_avia_3_1'><label for=\"avia_3_1\">Email <abbr class=\"required\" title=\"obligatori\">*<\/abbr><\/label> <input name=\"avia_3_1\" class=\"text_input is_email\" type=\"text\" id=\"avia_3_1\" value=\"\" \/><\/p><p class='  form_element form_element_half' id='element_avia_4_1'><label for=\"avia_4_1\">Assumpte <abbr class=\"required\" title=\"obligatori\">*<\/abbr><\/label> <input name=\"avia_4_1\" class=\"text_input is_empty\" type=\"text\" id=\"avia_4_1\" value=\"\" \/><\/p><p class='  first_form  form_element form_fullwidth av-last-visible-form-element' id='element_avia_5_1'><label for=\"avia_5_1\" class=\"textare_label hidden textare_label_avia_5_1\">Missatge <abbr class=\"required\" title=\"obligatori\">*<\/abbr><\/label><textarea  name=\"avia_5_1\" class=\"text_area is_empty\" cols=\"40\" rows=\"7\" id=\"avia_5_1\" ><\/textarea><\/p><p class=\"hidden\"><input type=\"text\" name=\"avia_6_1\" class=\"hidden \" id=\"avia_6_1\" value=\"\" \/><\/p><p class=\"form_element \"><input type=\"hidden\" value=\"1\" name=\"avia_generated_form1\" \/><input type=\"submit\" value=\"Enviar\" class=\"button\"  data-sending-label=\"Enviant\"\/><\/p><\/fieldset><\/form><div id=\"ajaxresponse_1\" class=\"ajaxresponse ajaxresponse_1 hidden\"><\/div><br \/>\n<div  class='togglecontainer av-av_toggle_container-8e0c6e39d39b619a829887bd54fff3ed  avia-builder-el-3  el_after_av_contact  el_before_av_hr  toggle_close_all' >\n<section class='av_toggle_section av-av_toggle-932345415ca27178b8d1f6976395b06b'  itemscope=\"itemscope\" itemtype=\"https:\/\/schema.org\/CreativeWork\" ><div role=\"tablist\" class=\"single_toggle\" data-tags=\"{Tot} \"  ><p id='toggle-toggle-id-1' data-fake-id='#toggle-id-1' class='toggler  av-title-above '  itemprop=\"headline\"  role='tab' tabindex='0' aria-controls='toggle-id-1' data-slide-speed=\"200\" data-title=\"Privacitat\" data-title-open=\"\" data-aria_collapsed=\"Click to expand: Privacitat\" data-aria_expanded=\"Click to collapse: Privacitat\">Privacitat<span class=\"toggle_icon\"><span class=\"vert_icon\"><\/span><span class=\"hor_icon\"><\/span><\/span><\/p><div id='toggle-id-1' aria-labelledby='toggle-toggle-id-1' role='region' class='toggle_wrap  av-title-above'  ><div class='toggle_content invers-color '  itemprop=\"text\" ><p style=\"text-align: justify;\">D&#8217;acord amb l&#8217;establert per la Llei Org\u00e0nica 15\/1999, li informem que les dades obtingudes mitjan\u00e7ant aquest formulari seran incorporades a un fitxer automatitzat sota la responsabilitat de <strong>l&#8217;Associaci\u00f3 d\u2019Estudis Reusencs<\/strong>, amb la finalitat d&#8217;atendre les seves consultes i remetre-li informaci\u00f3 relacionada que pugui ser del seu inter\u00e8s. Pot exercir els seus drets d&#8217;acc\u00e9s, rectificaci\u00f3, cancel\u00b7laci\u00f3 i oposici\u00f3 mitjan\u00e7ant un escrit a la nostra adre\u00e7a: <strong>Carrer Major, 15 Centre de Lectura 43201 REUS.<\/strong><\/p>\n<p style=\"text-align: justify;\">Mentre no ens comuniqui el contrari, entendrem que les seves dades no han estat modificades, que vost\u00e8 es compromet a notificar-nos qualsevol variaci\u00f3 i que tenim el seu consentiment per utilitzar-les per a les finalitats esmentades. L&#8217;enviament d&#8217;aquestes dades implica l&#8217;acceptaci\u00f3 d&#8217;aquesta cl\u00e0usula.<\/p>\n<\/div><\/div><\/div><\/section>\n<\/div><br \/>\n\n<style type=\"text\/css\" data-created_by=\"avia_inline_auto\" id=\"style-css-av-av_hr-a6de236e6c183bbbd700292deacd2b52\">\n#top .hr.hr-invisible.av-av_hr-a6de236e6c183bbbd700292deacd2b52{\nheight:20px;\n}\n<\/style>\n<div  class='hr av-av_hr-a6de236e6c183bbbd700292deacd2b52 hr-invisible  avia-builder-el-4  el_after_av_toggle_container  el_before_av_heading '><span class='hr-inner '><span class=\"hr-inner-style\"><\/span><\/span><\/div><br \/>\n\n<style type=\"text\/css\" data-created_by=\"avia_inline_auto\" id=\"style-css-av-av_heading-c070f795be4725844dbe07dbe3158bf0\">\n#top .av-special-heading.av-av_heading-c070f795be4725844dbe07dbe3158bf0{\npadding-bottom:10px;\n}\nbody .av-special-heading.av-av_heading-c070f795be4725844dbe07dbe3158bf0 .av-special-heading-tag .heading-char{\nfont-size:25px;\n}\n.av-special-heading.av-av_heading-c070f795be4725844dbe07dbe3158bf0 .av-subheading{\nfont-size:15px;\n}\n<\/style>\n<div  class='av-special-heading av-av_heading-c070f795be4725844dbe07dbe3158bf0 av-special-heading-h3  avia-builder-el-5  el_after_av_hr  el_before_av_google_map  avia-builder-el-last '><h3 class='av-special-heading-tag '  itemprop=\"headline\"  >Localitzaci\u00f3<\/h3><div class=\"special-heading-border\"><div class=\"special-heading-inner-border\"><\/div><\/div><\/div><br \/>\n<\/p><\/div>\n\n<style type=\"text\/css\" data-created_by=\"avia_inline_auto\" id=\"style-css-av-av_one_third-2a64de42b738552fe666ca889af77e28\">\n.flex_column.av-av_one_third-2a64de42b738552fe666ca889af77e28{\nborder-radius:0px 0px 0px 0px;\npadding:0px 0px 0px 0px;\n}\n<\/style>\n<div  class='flex_column av-av_one_third-2a64de42b738552fe666ca889af77e28 av_one_third  avia-builder-el-7  el_after_av_two_third  avia-builder-el-last  flex_column_div av-zero-column-padding  '     ><p>\n<style type=\"text\/css\" data-created_by=\"avia_inline_auto\" id=\"style-css-av-av_heading-569b899af7470014b2523da6616f94f0\">\n#top .av-special-heading.av-av_heading-569b899af7470014b2523da6616f94f0{\npadding-bottom:10px;\n}\nbody .av-special-heading.av-av_heading-569b899af7470014b2523da6616f94f0 .av-special-heading-tag .heading-char{\nfont-size:25px;\n}\n.av-special-heading.av-av_heading-569b899af7470014b2523da6616f94f0 .av-subheading{\nfont-size:15px;\n}\n<\/style>\n<div  class='av-special-heading av-av_heading-569b899af7470014b2523da6616f94f0 av-special-heading-h3  avia-builder-el-8  el_before_av_textblock  avia-builder-el-first '><h3 class='av-special-heading-tag '  itemprop=\"headline\"  >Dades de contacte<\/h3><div class=\"special-heading-border\"><div class=\"special-heading-inner-border\"><\/div><\/div><\/div><br \/>\n<section  class='av_textblock_section av-av_textblock-0366cc7376be6c9e82a3e9cc8987b64f '   itemscope=\"itemscope\" itemtype=\"https:\/\/schema.org\/CreativeWork\" ><div class='avia_textblock'  itemprop=\"text\" ><p><strong>Associaci\u00f3 d\u2019Estudis Reusencs<\/strong><\/p>\n<p>Carrer Major, 15 \u00a0(Centre de Lectura)<\/p>\n<p>43201 REUS<\/p>\n<p>Correu electr\u00f2nic: <a href=\"mailto:a.estudisreusencs@centrelectura.cat\">a.estudisreusencs@centrelectura.cat<\/a><\/p>\n<p>Tel\u00e8fons 977 773 112 \u2013 977 128 037<\/p>\n<p><a href=\"http:\/\/aestudisreusencs.centrelectura.cat\/info\/wp-content\/uploads\/2015\/08\/aer_rectangle.png\"><img loading=\"lazy\" decoding=\"async\" class=\"size-full wp-image-107 alignnone\" src=\"http:\/\/aestudisreusencs.centrelectura.cat\/info\/wp-content\/uploads\/2015\/08\/aer_rectangle.png\" alt=\"aer_rectangle\" width=\"275\" height=\"331\" srcset=\"https:\/\/aestudisreusencs.centrelectura.cat\/info\/wp-content\/uploads\/2015\/08\/aer_rectangle.png 275w, https:\/\/aestudisreusencs.centrelectura.cat\/info\/wp-content\/uploads\/2015\/08\/aer_rectangle-249x300.png 249w\" sizes=\"auto, (max-width: 275px) 100vw, 275px\" \/><\/a><\/p>\n<p>Logo de les Edicions Rosa de Reus que apareix a la contraportada dels llibres editats des de 1959<\/p>\n<\/div><\/section><\/p><\/div>\n","protected":false},"excerpt":{"rendered":"","protected":false},"author":1,"featured_media":0,"parent":0,"menu_order":0,"comment_status":"open","ping_status":"open","template":"","meta":{"footnotes":""},"class_list":["post-17","page","type-page","status-publish","hentry"],"_links":{"self":[{"href":"https:\/\/aestudisreusencs.centrelectura.cat\/info\/wp-json\/wp\/v2\/pages\/17","targetHints":{"allow":["GET"]}}],"collection":[{"href":"https:\/\/aestudisreusencs.centrelectura.cat\/info\/wp-json\/wp\/v2\/pages"}],"about":[{"href":"https:\/\/aestudisreusencs.centrelectura.cat\/info\/wp-json\/wp\/v2\/types\/page"}],"author":[{"embeddable":true,"href":"https:\/\/aestudisreusencs.centrelectura.cat\/info\/wp-json\/wp\/v2\/users\/1"}],"replies":[{"embeddable":true,"href":"https:\/\/aestudisreusencs.centrelectura.cat\/info\/wp-json\/wp\/v2\/comments?post=17"}],"version-history":[{"count":32,"href":"https:\/\/aestudisreusencs.centrelectura.cat\/info\/wp-json\/wp\/v2\/pages\/17\/revisions"}],"predecessor-version":[{"id":364,"href":"https:\/\/aestudisreusencs.centrelectura.cat\/info\/wp-json\/wp\/v2\/pages\/17\/revisions\/364"}],"wp:attachment":[{"href":"https:\/\/aestudisreusencs.centrelectura.cat\/info\/wp-json\/wp\/v2\/media?parent=17"}],"curies":[{"name":"wp","href":"https:\/\/api.w.org\/{rel}","templated":true}]}}